{"id":2270,"date":"2025-11-05T14:39:24","date_gmt":"2025-11-05T12:39:24","guid":{"rendered":"https:\/\/hoperecovered.org.za\/?page_id=2270"},"modified":"2025-11-27T11:00:34","modified_gmt":"2025-11-27T09:00:34","slug":"get-involved","status":"publish","type":"page","link":"https:\/\/hoperecovered.org.za\/de\/get-involved\/","title":{"rendered":"Mach mit"},"content":{"rendered":"<div data-elementor-type=\"wp-page\" data-elementor-id=\"2270\" class=\"elementor elementor-2270\">\n\t\t\t\t<div class=\"elementor-element elementor-element-undefined-9837ad5 e-con-full e-flex e-con e-parent\" data-id=\"undefined-9837ad5\" data-element_type=\"container\" data-settings=\"{&quot;background_background&quot;:&quot;classic&quot;}\">\n\t\t\t\t<div class=\"elementor-element elementor-element-undefined-5ca709a elementor-widget elementor-widget-heading\" data-id=\"undefined-5ca709a\" data-element_type=\"widget\" data-widget_type=\"heading.default\">\n\t\t\t\t\t<h5 class=\"elementor-heading-title elementor-size-default\">Werde Teil der Familie!<\/h5>\t\t\t\t<\/div>\n\t\t<div class=\"elementor-element elementor-element-undefined-12261dd e-con-full e-flex e-con e-child\" data-id=\"undefined-12261dd\" data-element_type=\"container\">\n\t\t<div class=\"elementor-element elementor-element-09c6b4c e-con-full e-flex e-con e-child\" data-id=\"09c6b4c\" data-element_type=\"container\">\n\t\t\t\t<div class=\"elementor-element elementor-element-undefined-1c4936a elementor-widget elementor-widget-heading\" data-id=\"undefined-1c4936a\" data-element_type=\"widget\" data-widget_type=\"heading.default\">\n\t\t\t\t\t<h1 class=\"elementor-heading-title elementor-size-default\">Engagiere Dich und Mache einen Unterschied!<\/h1>\t\t\t\t<\/div>\n\t\t\t\t<div class=\"elementor-element elementor-element-undefined-5cc61e3 elementor-widget elementor-widget-text-editor\" data-id=\"undefined-5cc61e3\" data-element_type=\"widget\" data-widget_type=\"text-editor.default\">\n\t\t\t\t\t\t\t\t\t<p><em> Werde Teil der HOPE Recovered-Familie und schenke den jungen Menschen in Lethabong und Kopanong Hoffnung und Lebenssinn! <\/em><\/p><p>Wir freuen uns, wenn du dich an unseren Projekten beteiligen und \u00fcber die aktuellen Entwicklungen informiert bleiben m\u00f6chtest.<\/p>\t\t\t\t\t\t\t\t<\/div>\n\t\t<div class=\"elementor-element elementor-element-28e3935 e-con-full e-flex e-con e-child\" data-id=\"28e3935\" data-element_type=\"container\">\n\t\t\t\t<div class=\"elementor-element elementor-element-a7d98c0 elementor-align-center elementor-widget elementor-widget-button\" data-id=\"a7d98c0\" data-element_type=\"widget\" data-widget_type=\"button.default\">\n\t\t\t\t\t\t\t\t\t\t<a class=\"elementor-button elementor-button-link elementor-size-sm\" href=\"https:\/\/hoperecovered.org.za\/de\/contact\/\">\n\t\t\t\t\t\t<span class=\"elementor-button-content-wrapper\">\n\t\t\t\t\t\t\t\t\t<span class=\"elementor-button-text\">Kontaktiere Uns<\/span>\n\t\t\t\t\t<\/span>\n\t\t\t\t\t<\/a>\n\t\t\t\t\t\t\t\t<\/div>\n\t\t\t\t<div class=\"elementor-element elementor-element-e2c9a65 elementor-align-center elementor-widget elementor-widget-button\" data-id=\"e2c9a65\" data-element_type=\"widget\" data-widget_type=\"button.default\">\n\t\t\t\t\t\t\t\t\t\t<a class=\"elementor-button elementor-button-link elementor-size-sm\" href=\"https:\/\/hoperecovered.us4.list-manage.com\/subscribe?u=e9baebc137d75e337603ee435&#038;id=3d7f022e39\">\n\t\t\t\t\t\t<span class=\"elementor-button-content-wrapper\">\n\t\t\t\t\t\t\t\t\t<span class=\"elementor-button-text\">Abonniere den Newsletter<\/span>\n\t\t\t\t\t<\/span>\n\t\t\t\t\t<\/a>\n\t\t\t\t\t\t\t\t<\/div>\n\t\t\t\t<\/div>\n\t\t<div class=\"elementor-element elementor-element-50694cc e-con-full e-flex e-con e-child\" data-id=\"50694cc\" data-element_type=\"container\">\n\t\t<div class=\"elementor-element elementor-element-0bd95aa e-con-full e-flex e-con e-child\" data-id=\"0bd95aa\" data-element_type=\"container\">\n\t\t<div class=\"elementor-element elementor-element-fc03f1c e-con-full e-flex e-con e-child\" data-id=\"fc03f1c\" data-element_type=\"container\">\n\t\t\t\t<div class=\"elementor-element elementor-element-9ad723d elementor-widget elementor-widget-image\" data-id=\"9ad723d\" data-element_type=\"widget\" data-widget_type=\"image.default\">\n\t\t\t\t\t\t\t\t\t\t\t\t\t\t\t<img decoding=\"async\" src=\"https:\/\/hoperecovered.org.za\/wp-content\/uploads\/elementor\/thumbs\/IMG_5263_Watermarked-re0hyycbvrf8w0tb50d8n8r0zbolztprrq0765s0a8.webp\"  title=\"\"   alt=\"IMG_5263_Watermarked-re0hyycbvrf8w0tb50d8n8r0zbolztprrq0765s0a8 Get Involved\"  loading=\"lazy\" \/>\t\t\t\t\t\t\t\t\t\t\t\t\t\t\t<\/div>\n\t\t\t\t<\/div>\n\t\t<div class=\"elementor-element elementor-element-f7d6cd8 e-con-full e-flex e-con e-child\" data-id=\"f7d6cd8\" data-element_type=\"container\">\n\t\t\t\t<div class=\"elementor-element elementor-element-699a1d2 elementor-widget elementor-widget-heading\" data-id=\"699a1d2\" data-element_type=\"widget\" data-widget_type=\"heading.default\">\n\t\t\t\t\t<h2 class=\"elementor-heading-title elementor-size-default\">Spende<\/h2>\t\t\t\t<\/div>\n\t\t\t\t<div class=\"elementor-element elementor-element-e1cc2f4 elementor-widget elementor-widget-text-editor\" data-id=\"e1cc2f4\" data-element_type=\"widget\" data-widget_type=\"text-editor.default\">\n\t\t\t\t\t\t\t\t\t<p>Spenden an HOPE Recovered sind entscheidend f\u00fcr unsere Mission, junge Menschen zu st\u00e4rken und nachhaltig etwas zu bewirken. Deine Beitr\u00e4ge, ob Geld- oder Sachspenden, wirken sich direkt auf das Leben von Einzelpersonen und Familien aus. Als Spender kannst du au\u00dferdem eine Spendenbescheinigung gem\u00e4\u00df \u00a7 18A beantragen, mit der du deine Spende in S\u00fcdafrika steuerlich absetzen kannst. Gemeinsam k\u00f6nnen wir einen bedeutenden Unterschied machen und zu einer besseren Zukunft f\u00fcr unser Armenviertel beitragen.<\/p>\t\t\t\t\t\t\t\t<\/div>\n\t\t\t\t<div class=\"elementor-element elementor-element-0139b30 elementor-align-center elementor-widget elementor-widget-button\" data-id=\"0139b30\" data-element_type=\"widget\" data-widget_type=\"button.default\">\n\t\t\t\t\t\t\t\t\t\t<a class=\"elementor-button elementor-button-link elementor-size-sm\" href=\"https:\/\/hoperecovered.org.za\/de\/donate\/#Donate\">\n\t\t\t\t\t\t<span class=\"elementor-button-content-wrapper\">\n\t\t\t\t\t\t\t\t\t<span class=\"elementor-button-text\">SPENDE<\/span>\n\t\t\t\t\t<\/span>\n\t\t\t\t\t<\/a>\n\t\t\t\t\t\t\t\t<\/div>\n\t\t\t\t<\/div>\n\t\t\t\t<\/div>\n\t\t<div class=\"elementor-element elementor-element-d2ac62d e-con-full e-flex e-con e-child\" data-id=\"d2ac62d\" data-element_type=\"container\">\n\t\t<div class=\"elementor-element elementor-element-fa26758 e-con-full e-flex e-con e-child\" data-id=\"fa26758\" data-element_type=\"container\">\n\t\t\t\t<div class=\"elementor-element elementor-element-2337b21 elementor-widget elementor-widget-image\" data-id=\"2337b21\" data-element_type=\"widget\" data-widget_type=\"image.default\">\n\t\t\t\t\t\t\t\t\t\t\t\t\t\t\t<img  title=\"\" fetchpriority=\"high\" decoding=\"async\" width=\"1024\" height=\"768\" src=\"https:\/\/hoperecovered.org.za\/wp-content\/uploads\/2025\/10\/IMG_2325_Watermarked-1024x768.webp\" class=\"attachment-large size-large wp-image-2536\"  alt=\"IMG_2325_Watermarked-1024x768 Get Involved\"  srcset=\"https:\/\/hoperecovered.org.za\/wp-content\/uploads\/2025\/10\/IMG_2325_Watermarked-1024x768.webp 1024w, https:\/\/hoperecovered.org.za\/wp-content\/uploads\/2025\/10\/IMG_2325_Watermarked-300x225.webp 300w, https:\/\/hoperecovered.org.za\/wp-content\/uploads\/2025\/10\/IMG_2325_Watermarked-768x576.webp 768w, https:\/\/hoperecovered.org.za\/wp-content\/uploads\/2025\/10\/IMG_2325_Watermarked-1536x1152.webp 1536w, https:\/\/hoperecovered.org.za\/wp-content\/uploads\/2025\/10\/IMG_2325_Watermarked-16x12.webp 16w, https:\/\/hoperecovered.org.za\/wp-content\/uploads\/2025\/10\/IMG_2325_Watermarked-640x480.webp 640w, https:\/\/hoperecovered.org.za\/wp-content\/uploads\/2025\/10\/IMG_2325_Watermarked.webp 2016w\" sizes=\"(max-width: 1024px) 100vw, 1024px\" \/>\t\t\t\t\t\t\t\t\t\t\t\t\t\t\t<\/div>\n\t\t\t\t<\/div>\n\t\t<div class=\"elementor-element elementor-element-01f4ebb e-con-full e-flex e-con e-child\" data-id=\"01f4ebb\" data-element_type=\"container\">\n\t\t\t\t<div class=\"elementor-element elementor-element-d9d4d5f elementor-widget elementor-widget-heading\" data-id=\"d9d4d5f\" data-element_type=\"widget\" data-widget_type=\"heading.default\">\n\t\t\t\t\t<h2 class=\"elementor-heading-title elementor-size-default\">Bete<\/h2>\t\t\t\t<\/div>\n\t\t\t\t<div class=\"elementor-element elementor-element-4b908d2 elementor-widget elementor-widget-text-editor\" data-id=\"4b908d2\" data-element_type=\"widget\" data-widget_type=\"text-editor.default\">\n\t\t\t\t\t\t\t\t\t<p>Beten wir gemeinsam f\u00fcr unsere Kinder, Jugendlichen und jungen Erwachsenen sowie deren Familien. Lasst uns den geistlichen M\u00e4chten entgegentreten, die das Viertel in Dunkelheit und Knechtschaft halten.<\/p>\t\t\t\t\t\t\t\t<\/div>\n\t\t<div class=\"elementor-element elementor-element-412749c e-con-full e-flex e-con e-child\" data-id=\"412749c\" data-element_type=\"container\">\n\t\t\t\t<div class=\"elementor-element elementor-element-f2fc66c elementor-align-center elementor-widget elementor-widget-button\" data-id=\"f2fc66c\" data-element_type=\"widget\" data-widget_type=\"button.default\">\n\t\t\t\t\t\t\t\t\t\t<a class=\"elementor-button elementor-button-link elementor-size-sm\" href=\"#\">\n\t\t\t\t\t\t<span class=\"elementor-button-content-wrapper\">\n\t\t\t\t\t\t\t\t\t<span class=\"elementor-button-text\">Dein Gebetsanliegen<\/span>\n\t\t\t\t\t<\/span>\n\t\t\t\t\t<\/a>\n\t\t\t\t\t\t\t\t<\/div>\n\t\t\t\t<div class=\"elementor-element elementor-element-bf663a5 elementor-align-center elementor-widget elementor-widget-button\" data-id=\"bf663a5\" data-element_type=\"widget\" data-widget_type=\"button.default\">\n\t\t\t\t\t\t\t\t\t\t<a class=\"elementor-button elementor-button-link elementor-size-sm\" href=\"https:\/\/hoperecovered.us4.list-manage.com\/subscribe?u=e9baebc137d75e337603ee435&#038;id=3d7f022e39\">\n\t\t\t\t\t\t<span class=\"elementor-button-content-wrapper\">\n\t\t\t\t\t\t\t\t\t<span class=\"elementor-button-text\">ABONNIERE den NEWSLETTER<\/span>\n\t\t\t\t\t<\/span>\n\t\t\t\t\t<\/a>\n\t\t\t\t\t\t\t\t<\/div>\n\t\t\t\t<\/div>\n\t\t\t\t<div class=\"elementor-element elementor-element-9365fb4 elementor-widget elementor-widget-heading\" data-id=\"9365fb4\" data-element_type=\"widget\" data-widget_type=\"heading.default\">\n\t\t\t\t\t<h5 class=\"elementor-heading-title elementor-size-default\">Previous Editions of our Newsletter<\/h5>\t\t\t\t<\/div>\n\t\t\t\t<div class=\"elementor-element elementor-element-8d4835b elementor-widget elementor-widget-n-accordion\" data-id=\"8d4835b\" data-element_type=\"widget\" data-settings=\"{&quot;default_state&quot;:&quot;expanded&quot;,&quot;max_items_expended&quot;:&quot;one&quot;,&quot;n_accordion_animation_duration&quot;:{&quot;unit&quot;:&quot;ms&quot;,&quot;size&quot;:400,&quot;sizes&quot;:[]}}\" data-widget_type=\"nested-accordion.default\">\n\t\t\t\t\t\t\t<div class=\"e-n-accordion\" aria-label=\"Accordion. Open links with Enter or Space, close with Escape, and navigate with Arrow Keys\">\n\t\t\t\t\t\t<details id=\"e-n-accordion-item-1480\" class=\"e-n-accordion-item\" open>\n\t\t\t\t<summary class=\"e-n-accordion-item-title\" data-accordion-index=\"1\" tabindex=\"0\" aria-expanded=\"true\" aria-controls=\"e-n-accordion-item-1480\" >\n\t\t\t\t\t<span class='e-n-accordion-item-title-header'><div class=\"e-n-accordion-item-title-text\"> Newsletter English <\/div><\/span>\n\t\t\t\t\t\t\t<span class='e-n-accordion-item-title-icon'>\n\t\t\t<span class='e-opened' ><svg aria-hidden=\"true\" class=\"e-font-icon-svg e-fas-minus\" viewbox=\"0 0 448 512\" xmlns=\"http:\/\/www.w3.org\/2000\/svg\"><path d=\"M416 208H32c-17.67 0-32 14.33-32 32v32c0 17.67 14.33 32 32 32h384c17.67 0 32-14.33 32-32v-32c0-17.67-14.33-32-32-32z\"><\/path><\/svg><\/span>\n\t\t\t<span class='e-closed'><svg aria-hidden=\"true\" class=\"e-font-icon-svg e-fas-plus\" viewbox=\"0 0 448 512\" xmlns=\"http:\/\/www.w3.org\/2000\/svg\"><path d=\"M416 208H272V64c0-17.67-14.33-32-32-32h-32c-17.67 0-32 14.33-32 32v144H32c-17.67 0-32 14.33-32 32v32c0 17.67 14.33 32 32 32h144v144c0 17.67 14.33 32 32 32h32c17.67 0 32-14.33 32-32V304h144c17.67 0 32-14.33 32-32v-32c0-17.67-14.33-32-32-32z\"><\/path><\/svg><\/span>\n\t\t<\/span>\n\n\t\t\t\t\t\t<\/summary>\n\t\t\t\t<div role=\"region\" aria-labelledby=\"e-n-accordion-item-1480\" class=\"elementor-element elementor-element-f4c5d33 e-con-full e-flex e-con e-child\" data-id=\"f4c5d33\" data-element_type=\"container\">\n\t\t\t\t<div class=\"elementor-element elementor-element-61961e0 elementor-widget elementor-widget-html\" data-id=\"61961e0\" data-element_type=\"widget\" data-widget_type=\"html.default\">\n\t\t\t\t\t<style type=\"text\/css\">\r\n            .display_archive {font-family: arial,verdana; font-size: 12px;}\r\n          .campaign {line-height: 125%; margin: 5px;}\r\n          <\/style>\r\n          <script\r\n            language=\"javascript\"\r\n            src=\"https:\/\/hoperecovered.us4.list-manage.com\/generate-js\/?u=e9baebc137d75e337603ee435&show=10&fid=31465\"\r\n            type=\"text\/javascript\"\r\n          ><\/script>\t\t\t\t<\/div>\n\t\t\t\t<\/div>\n\t\t\t\t\t<\/details>\n\t\t\t\t\t\t<details id=\"e-n-accordion-item-1481\" class=\"e-n-accordion-item\" >\n\t\t\t\t<summary class=\"e-n-accordion-item-title\" data-accordion-index=\"2\" tabindex=\"-1\" aria-expanded=\"false\" aria-controls=\"e-n-accordion-item-1481\" >\n\t\t\t\t\t<span class='e-n-accordion-item-title-header'><div class=\"e-n-accordion-item-title-text\"> Newsletter Deutsch <\/div><\/span>\n\t\t\t\t\t\t\t<span class='e-n-accordion-item-title-icon'>\n\t\t\t<span class='e-opened' ><svg aria-hidden=\"true\" class=\"e-font-icon-svg e-fas-minus\" viewbox=\"0 0 448 512\" xmlns=\"http:\/\/www.w3.org\/2000\/svg\"><path d=\"M416 208H32c-17.67 0-32 14.33-32 32v32c0 17.67 14.33 32 32 32h384c17.67 0 32-14.33 32-32v-32c0-17.67-14.33-32-32-32z\"><\/path><\/svg><\/span>\n\t\t\t<span class='e-closed'><svg aria-hidden=\"true\" class=\"e-font-icon-svg e-fas-plus\" viewbox=\"0 0 448 512\" xmlns=\"http:\/\/www.w3.org\/2000\/svg\"><path d=\"M416 208H272V64c0-17.67-14.33-32-32-32h-32c-17.67 0-32 14.33-32 32v144H32c-17.67 0-32 14.33-32 32v32c0 17.67 14.33 32 32 32h144v144c0 17.67 14.33 32 32 32h32c17.67 0 32-14.33 32-32V304h144c17.67 0 32-14.33 32-32v-32c0-17.67-14.33-32-32-32z\"><\/path><\/svg><\/span>\n\t\t<\/span>\n\n\t\t\t\t\t\t<\/summary>\n\t\t\t\t<div role=\"region\" aria-labelledby=\"e-n-accordion-item-1481\" class=\"elementor-element elementor-element-364f149 e-con-full e-flex e-con e-child\" data-id=\"364f149\" data-element_type=\"container\">\n\t\t\t\t<div class=\"elementor-element elementor-element-e40b955 elementor-widget elementor-widget-html\" data-id=\"e40b955\" data-element_type=\"widget\" data-widget_type=\"html.default\">\n\t\t\t\t\t<style type=\"text\/css\">\r\n            .display_archive {font-family: arial,verdana; font-size: 12px;}\r\n          .campaign {line-height: 125%; margin: 5px;}\r\n          <\/style>\r\n          <script\r\n            language=\"javascript\"\r\n            src=\"https:\/\/hoperecovered.us4.list-manage.com\/generate-js\/?u=e9baebc137d75e337603ee435&show=10&fid=31464\"\r\n            type=\"text\/javascript\"\r\n          ><\/script>\t\t\t\t<\/div>\n\t\t\t\t<\/div>\n\t\t\t\t\t<\/details>\n\t\t\t\t\t<\/div>\n\t\t\t\t\t\t<\/div>\n\t\t\t\t<\/div>\n\t\t\t\t<\/div>\n\t\t<div class=\"elementor-element elementor-element-f4b4842 e-con-full e-flex e-con e-child\" data-id=\"f4b4842\" data-element_type=\"container\">\n\t\t<div class=\"elementor-element elementor-element-69c400d e-con-full e-flex e-con e-child\" data-id=\"69c400d\" data-element_type=\"container\">\n\t\t\t\t<div class=\"elementor-element elementor-element-dbc94a2 elementor-widget elementor-widget-image\" data-id=\"dbc94a2\" data-element_type=\"widget\" data-widget_type=\"image.default\">\n\t\t\t\t\t\t\t\t\t\t\t\t\t\t\t<img  title=\"\" decoding=\"async\" width=\"1024\" height=\"769\" src=\"https:\/\/hoperecovered.org.za\/wp-content\/uploads\/2025\/10\/68f5ddf5-c675-48d4-8a46-3261360a2496-1024x769.webp\" class=\"attachment-large size-large wp-image-2574\"  alt=\"68f5ddf5-c675-48d4-8a46-3261360a2496-1024x769 Get Involved\"  srcset=\"https:\/\/hoperecovered.org.za\/wp-content\/uploads\/2025\/10\/68f5ddf5-c675-48d4-8a46-3261360a2496-1024x769.webp 1024w, https:\/\/hoperecovered.org.za\/wp-content\/uploads\/2025\/10\/68f5ddf5-c675-48d4-8a46-3261360a2496-300x225.webp 300w, https:\/\/hoperecovered.org.za\/wp-content\/uploads\/2025\/10\/68f5ddf5-c675-48d4-8a46-3261360a2496-768x577.webp 768w, https:\/\/hoperecovered.org.za\/wp-content\/uploads\/2025\/10\/68f5ddf5-c675-48d4-8a46-3261360a2496-16x12.webp 16w, https:\/\/hoperecovered.org.za\/wp-content\/uploads\/2025\/10\/68f5ddf5-c675-48d4-8a46-3261360a2496-640x480.webp 640w, https:\/\/hoperecovered.org.za\/wp-content\/uploads\/2025\/10\/68f5ddf5-c675-48d4-8a46-3261360a2496.webp 1200w\" sizes=\"(max-width: 1024px) 100vw, 1024px\" \/>\t\t\t\t\t\t\t\t\t\t\t\t\t\t\t<\/div>\n\t\t\t\t<\/div>\n\t\t<div class=\"elementor-element elementor-element-e392c8a e-con-full e-flex e-con e-child\" data-id=\"e392c8a\" data-element_type=\"container\">\n\t\t\t\t<div class=\"elementor-element elementor-element-037f827 elementor-widget elementor-widget-heading\" data-id=\"037f827\" data-element_type=\"widget\" data-widget_type=\"heading.default\">\n\t\t\t\t\t<h2 class=\"elementor-heading-title elementor-size-default\">Engagiere Dich<\/h2>\t\t\t\t<\/div>\n\t\t\t\t<div class=\"elementor-element elementor-element-338a65a elementor-widget elementor-widget-text-editor\" data-id=\"338a65a\" data-element_type=\"widget\" data-widget_type=\"text-editor.default\">\n\t\t\t\t\t\t\t\t\t<p>M\u00f6chtest du dich bei uns engagieren und etwas Bleibendes schaffen? Werde Vorstandsmitglied, vermittle biblische Weisheit, teile deine F\u00e4higkeiten, organisiere Veranstaltungen, Ausfl\u00fcge oder Camps, unterst\u00fctze uns in Rechtsangelegenheiten, erstelle und teile Inhalte f\u00fcr soziale Medien, aktualisiere und pflege unsere Website, verbessere und entwickle unsere App, registriere die B\u00fccher \u2026 die Liste lie\u00dfe sich fortsetzen und es ist auch f\u00fcr dich etwas dabei.<\/p>\t\t\t\t\t\t\t\t<\/div>\n\t\t\t\t<div class=\"elementor-element elementor-element-99bc195 elementor-align-center elementor-widget elementor-widget-button\" data-id=\"99bc195\" data-element_type=\"widget\" data-widget_type=\"button.default\">\n\t\t\t\t\t\t\t\t\t\t<a class=\"elementor-button elementor-button-link elementor-size-sm\" href=\"https:\/\/hoperecovered.org.za\/de\/contact\/\">\n\t\t\t\t\t\t<span class=\"elementor-button-content-wrapper\">\n\t\t\t\t\t\t\t\t\t<span class=\"elementor-button-text\">KONTAKTIERE UNS<\/span>\n\t\t\t\t\t<\/span>\n\t\t\t\t\t<\/a>\n\t\t\t\t\t\t\t\t<\/div>\n\t\t\t\t<\/div>\n\t\t\t\t<\/div>\n\t\t<div class=\"elementor-element elementor-element-087730c e-con-full e-flex e-con e-child\" data-id=\"087730c\" data-element_type=\"container\">\n\t\t<div class=\"elementor-element elementor-element-ee05faa e-con-full e-flex e-con e-child\" data-id=\"ee05faa\" data-element_type=\"container\">\n\t\t\t\t<div class=\"elementor-element elementor-element-992f5a5 elementor-widget elementor-widget-image\" data-id=\"992f5a5\" data-element_type=\"widget\" data-widget_type=\"image.default\">\n\t\t\t\t\t\t\t\t\t\t\t\t\t\t\t<img  title=\"\" decoding=\"async\" width=\"640\" height=\"480\" src=\"https:\/\/hoperecovered.org.za\/wp-content\/uploads\/2025\/10\/march-youth-trip5_Watermarked.webp\" class=\"attachment-large size-large wp-image-2599\"  alt=\"march-youth-trip5_Watermarked Get Involved\"  srcset=\"https:\/\/hoperecovered.org.za\/wp-content\/uploads\/2025\/10\/march-youth-trip5_Watermarked.webp 640w, https:\/\/hoperecovered.org.za\/wp-content\/uploads\/2025\/10\/march-youth-trip5_Watermarked-300x225.webp 300w, https:\/\/hoperecovered.org.za\/wp-content\/uploads\/2025\/10\/march-youth-trip5_Watermarked-16x12.webp 16w\" sizes=\"(max-width: 640px) 100vw, 640px\" \/>\t\t\t\t\t\t\t\t\t\t\t\t\t\t\t<\/div>\n\t\t\t\t<\/div>\n\t\t<div class=\"elementor-element elementor-element-fdf286e e-con-full e-flex e-con e-child\" data-id=\"fdf286e\" data-element_type=\"container\">\n\t\t\t\t<div class=\"elementor-element elementor-element-a6d4698 elementor-widget elementor-widget-heading\" data-id=\"a6d4698\" data-element_type=\"widget\" data-widget_type=\"heading.default\">\n\t\t\t\t\t<h2 class=\"elementor-heading-title elementor-size-default\">Schliesse dich uns an<\/h2>\t\t\t\t<\/div>\n\t\t\t\t<div class=\"elementor-element elementor-element-d8c9930 elementor-widget elementor-widget-text-editor\" data-id=\"d8c9930\" data-element_type=\"widget\" data-widget_type=\"text-editor.default\">\n\t\t\t\t\t\t\t\t\t<p>Werden Sie unser Partner beim Erwerb und Aufbau eines Kinder- und Jugendzentrums im Armenviertel. Anschlie\u00dfend k\u00f6nnen Sie Ihre Programme zur F\u00f6rderung von Handwerk, Kompetenzentwicklung und Unternehmertum umsetzen \u2013 von Landwirtschaft und Holzbearbeitung \u00fcber Bauwesen, Sanit\u00e4rinstallation und Malerei bis hin zu Finanzkompetenz, Musik, Grafikdesign, Webdesign oder KI-Tools.<\/p>\t\t\t\t\t\t\t\t<\/div>\n\t\t\t\t<div class=\"elementor-element elementor-element-a8e0cfa elementor-align-center elementor-widget elementor-widget-button\" data-id=\"a8e0cfa\" data-element_type=\"widget\" data-widget_type=\"button.default\">\n\t\t\t\t\t\t\t\t\t\t<a class=\"elementor-button elementor-button-link elementor-size-sm\" href=\"https:\/\/hoperecovered.org.za\/de\/contact\/\">\n\t\t\t\t\t\t<span class=\"elementor-button-content-wrapper\">\n\t\t\t\t\t\t\t\t\t<span class=\"elementor-button-text\">KONTAKTIERE UNS<\/span>\n\t\t\t\t\t<\/span>\n\t\t\t\t\t<\/a>\n\t\t\t\t\t\t\t\t<\/div>\n\t\t\t\t<\/div>\n\t\t\t\t<\/div>\n\t\t\t\t<\/div>\n\t\t\t\t<\/div>\n\t\t\t\t<\/div>\n\t\t\t\t<\/div>\n\t\t\t\t<\/div>","protected":false},"excerpt":{"rendered":"<p>Join the Family Today! Get Involved and Make a Difference Come join the HOPE Recovered family and bring hope and [&hellip;]<\/p>\n","protected":false},"author":3,"featured_media":0,"parent":0,"menu_order":0,"comment_status":"closed","ping_status":"closed","template":"","meta":{"site-sidebar-layout":"default","site-content-layout":"","ast-site-content-layout":"default","site-content-style":"default","site-sidebar-style":"default","ast-global-header-display":"","ast-banner-title-visibility":"","ast-main-header-display":"","ast-hfb-above-header-display":"","ast-hfb-below-header-display":"","ast-hfb-mobile-header-display":"","site-post-title":"disabled","ast-breadcrumbs-content":"","ast-featured-img":"","footer-sml-layout":"","theme-transparent-header-meta":"","adv-header-id-meta":"","stick-header-meta":"","header-above-stick-meta":"","header-main-stick-meta":"","header-below-stick-meta":"","astra-migrate-meta-layouts":"default","ast-page-background-enabled":"default","ast-page-background-meta":{"desktop":{"background-color":"var(--ast-global-color-5)","background-image":"","background-repeat":"repeat","background-position":"center center","background-size":"auto","background-attachment":"scroll","background-type":"","background-media":"","overlay-type":"","overlay-color":"","overlay-opacity":"","overlay-gradient":""},"tablet":{"background-color":"","background-image":"","background-repeat":"repeat","background-position":"center center","background-size":"auto","background-attachment":"scroll","background-type":"","background-media":"","overlay-type":"","overlay-color":"","overlay-opacity":"","overlay-gradient":""},"mobile":{"background-color":"","background-image":"","background-repeat":"repeat","background-position":"center center","background-size":"auto","background-attachment":"scroll","background-type":"","background-media":"","overlay-type":"","overlay-color":"","overlay-opacity":"","overlay-gradient":""}},"ast-content-background-meta":{"desktop":{"background-color":"var(--ast-global-color-4)","background-image":"","background-repeat":"repeat","background-position":"center center","background-size":"auto","background-attachment":"scroll","background-type":"","background-media":"","overlay-type":"","overlay-color":"","overlay-opacity":"","overlay-gradient":""},"tablet":{"background-color":"var(--ast-global-color-4)","background-image":"","background-repeat":"repeat","background-position":"center center","background-size":"auto","background-attachment":"scroll","background-type":"","background-media":"","overlay-type":"","overlay-color":"","overlay-opacity":"","overlay-gradient":""},"mobile":{"background-color":"var(--ast-global-color-4)","background-image":"","background-repeat":"repeat","background-position":"center center","background-size":"auto","background-attachment":"scroll","background-type":"","background-media":"","overlay-type":"","overlay-color":"","overlay-opacity":"","overlay-gradient":""}},"footnotes":""},"class_list":["post-2270","page","type-page","status-publish","hentry"],"_links":{"self":[{"href":"https:\/\/hoperecovered.org.za\/de\/wp-json\/wp\/v2\/pages\/2270","targetHints":{"allow":["GET"]}}],"collection":[{"href":"https:\/\/hoperecovered.org.za\/de\/wp-json\/wp\/v2\/pages"}],"about":[{"href":"https:\/\/hoperecovered.org.za\/de\/wp-json\/wp\/v2\/types\/page"}],"author":[{"embeddable":true,"href":"https:\/\/hoperecovered.org.za\/de\/wp-json\/wp\/v2\/users\/3"}],"replies":[{"embeddable":true,"href":"https:\/\/hoperecovered.org.za\/de\/wp-json\/wp\/v2\/comments?post=2270"}],"version-history":[{"count":46,"href":"https:\/\/hoperecovered.org.za\/de\/wp-json\/wp\/v2\/pages\/2270\/revisions"}],"predecessor-version":[{"id":3071,"href":"https:\/\/hoperecovered.org.za\/de\/wp-json\/wp\/v2\/pages\/2270\/revisions\/3071"}],"wp:attachment":[{"href":"https:\/\/hoperecovered.org.za\/de\/wp-json\/wp\/v2\/media?parent=2270"}],"curies":[{"name":"wp","href":"https:\/\/api.w.org\/{rel}","templated":true}]}}