{"id":2330,"date":"2025-11-06T10:33:32","date_gmt":"2025-11-06T08:33:32","guid":{"rendered":"https:\/\/hoperecovered.org.za\/?page_id=2330"},"modified":"2025-11-21T08:54:47","modified_gmt":"2025-11-21T06:54:47","slug":"the-library","status":"publish","type":"page","link":"https:\/\/hoperecovered.org.za\/de\/the-library\/","title":{"rendered":"Die Bibliothek"},"content":{"rendered":"<div data-elementor-type=\"wp-page\" data-elementor-id=\"2330\" class=\"elementor elementor-2330\">\n\t\t\t\t<div class=\"elementor-element elementor-element-c2f11cc e-flex e-con-boxed e-con e-parent\" data-id=\"c2f11cc\" data-element_type=\"container\">\n\t\t\t\t\t<div class=\"e-con-inner\">\n\t\t\t\t<div class=\"elementor-element elementor-element-a42f401 elementor-widget elementor-widget-heading\" data-id=\"a42f401\" data-element_type=\"widget\" data-widget_type=\"heading.default\">\n\t\t\t\t\t<h1 class=\"elementor-heading-title elementor-size-default\">Die HOPE Recovered Bibliothek in Lethabong<\/h1>\t\t\t\t<\/div>\n\t\t\t\t\t<\/div>\n\t\t\t\t<\/div>\n\t\t<div class=\"elementor-element elementor-element-f7c6dfe e-flex e-con-boxed e-con e-parent\" data-id=\"f7c6dfe\" data-element_type=\"container\">\n\t\t\t\t\t<div class=\"e-con-inner\">\n\t\t\t\t<div class=\"elementor-element elementor-element-df01f9a elementor-widget elementor-widget-text-editor\" data-id=\"df01f9a\" data-element_type=\"widget\" data-widget_type=\"text-editor.default\">\n\t\t\t\t\t\t\t\t\t<p>Die HOPE Recovered Bibliothek im Herzen von Lethabong ist das Aush\u00e4ngeschild der Organisation in diesem Armenviertel. Dieser eigens daf\u00fcr eingerichtete Raum beherbergt unsere wichtigsten Initiativen:<\/p>\n<ul>\n<li>das <strong>Englisch Lese-Programm <\/strong>das Grundschulkindern grundlegende Lesef\u00e4higkeiten, Bibelkenntnisse und Robotik vermittelt.<\/li>\n<li class=\"translation-block\">Die <strong>Jugendarbeit\u00a0<\/strong> bietet Sch\u00fclern der Oberstufe und dar\u00fcber hinaus eine solide Grundlage f\u00fcr das Leben durch den Glauben an Jesus Christus allein.<\/li>\n<\/ul><div>Als Bibliothek k\u00f6nnen die Teilnehmer dieser beiden Programme B\u00fccher ausleihen. Die registrierten Jugendlichen haben au\u00dferdem kostenlosen Internetzugang f\u00fcr Studien- und Forschungszwecke.<\/div>\t\t\t\t\t\t\t\t<\/div>\n\t\t<div class=\"elementor-element elementor-element-5074a22 e-con-full e-flex e-con e-child\" data-id=\"5074a22\" data-element_type=\"container\">\n\t\t\t\t<div class=\"elementor-element elementor-element-dce00bc elementor-widget elementor-widget-image\" data-id=\"dce00bc\" data-element_type=\"widget\" data-widget_type=\"image.default\">\n\t\t\t\t\t\t\t\t\t\t\t\t\t\t\t<img  title=\"\" fetchpriority=\"high\" decoding=\"async\" width=\"705\" height=\"519\" src=\"https:\/\/hoperecovered.org.za\/wp-content\/uploads\/2020\/10\/library-logo-cropped.jpg\" class=\"attachment-large size-large wp-image-760\"  alt=\"library-logo-cropped The Library\"  srcset=\"https:\/\/hoperecovered.org.za\/wp-content\/uploads\/2020\/10\/library-logo-cropped.jpg 705w, https:\/\/hoperecovered.org.za\/wp-content\/uploads\/2020\/10\/library-logo-cropped-300x221.jpg 300w\" sizes=\"(max-width: 705px) 100vw, 705px\" \/>\t\t\t\t\t\t\t\t\t\t\t\t\t\t\t<\/div>\n\t\t\t\t<\/div>\n\t\t\t\t\t<\/div>\n\t\t\t\t<\/div>\n\t\t<div class=\"elementor-element elementor-element-887b87d e-flex e-con-boxed e-con e-parent\" data-id=\"887b87d\" data-element_type=\"container\">\n\t\t\t\t\t<div class=\"e-con-inner\">\n\t\t\t\t<div class=\"elementor-element elementor-element-22762b3 elementor-position-left elementor-vertical-align-top elementor-widget elementor-widget-image-box\" data-id=\"22762b3\" data-element_type=\"widget\" data-widget_type=\"image-box.default\">\n\t\t\t\t\t<div class=\"elementor-image-box-wrapper\"><figure class=\"elementor-image-box-img\"><img  title=\"\" decoding=\"async\" width=\"1632\" height=\"1224\" src=\"https:\/\/hoperecovered.org.za\/wp-content\/uploads\/2022\/04\/Add-Watermark_2022_03_03_09_44_29.jpg\" class=\"attachment-full size-full wp-image-1987\"  alt=\"Add-Watermark_2022_03_03_09_44_29 The Library\"  srcset=\"https:\/\/hoperecovered.org.za\/wp-content\/uploads\/2022\/04\/Add-Watermark_2022_03_03_09_44_29.jpg 1632w, https:\/\/hoperecovered.org.za\/wp-content\/uploads\/2022\/04\/Add-Watermark_2022_03_03_09_44_29-300x225.jpg 300w, https:\/\/hoperecovered.org.za\/wp-content\/uploads\/2022\/04\/Add-Watermark_2022_03_03_09_44_29-1024x768.jpg 1024w, https:\/\/hoperecovered.org.za\/wp-content\/uploads\/2022\/04\/Add-Watermark_2022_03_03_09_44_29-768x576.jpg 768w, https:\/\/hoperecovered.org.za\/wp-content\/uploads\/2022\/04\/Add-Watermark_2022_03_03_09_44_29-1536x1152.jpg 1536w, https:\/\/hoperecovered.org.za\/wp-content\/uploads\/2022\/04\/Add-Watermark_2022_03_03_09_44_29-16x12.jpg 16w\" sizes=\"(max-width: 1632px) 100vw, 1632px\" \/><\/figure><div class=\"elementor-image-box-content\"><h3 class=\"elementor-image-box-title\">Die Geschichte der Bibliothek<\/h3><p class=\"elementor-image-box-description\">Wir kamen w\u00e4hrend des ersten Lockdowns 2020 zur Kirche \u201eMy Lord Conquers\u201c (MLC) in Lethabong, um Lebensmittel an Bed\u00fcrftige zu verteilen. Die Menschenschlange f\u00fcr die Lebensmittelpakete wurde immer l\u00e4nger. Die Menschen begannen, sich vorzudr\u00e4ngeln und um einen besseren Platz zu k\u00e4mpfen. M\u00fctter mit Babys auf dem R\u00fccken wurden gegen den Zaun gedr\u00fcckt, und einige begannen, schlecht \u00fcber uns zu reden und die Menge aufzuhetzen. Schlie\u00dflich beschlossen wir, zu verschwinden, bevor die Situation au\u00dfer Kontrolle geriet.\n<\/p><\/div><\/div>\t\t\t\t<\/div>\n\t\t<div class=\"elementor-element elementor-element-eac3dbd e-con-full e-flex e-con e-child\" data-id=\"eac3dbd\" data-element_type=\"container\">\n\t\t<div class=\"elementor-element elementor-element-54f70f6 e-con-full e-flex e-con e-child\" data-id=\"54f70f6\" data-element_type=\"container\">\n\t\t\t\t<div class=\"elementor-element elementor-element-f27b725 elementor-widget__width-initial elementor-widget elementor-widget-text-editor\" data-id=\"f27b725\" data-element_type=\"widget\" data-widget_type=\"text-editor.default\">\n\t\t\t\t\t\t\t\t\t<blockquote><p>\u201eBildung ist die m\u00e4chtigste Waffe, mit der man die Welt ver\u00e4ndern kann\u201c<\/p><\/blockquote><p><strong>Nelson Mandela<\/strong><\/p>\t\t\t\t\t\t\t\t<\/div>\n\t\t\t\t<div class=\"elementor-element elementor-element-a39359e elementor-widget__width-initial elementor-widget-mobile__width-inherit elementor-widget elementor-widget-text-editor\" data-id=\"a39359e\" data-element_type=\"widget\" data-widget_type=\"text-editor.default\">\n\t\t\t\t\t\t\t\t\t<p>Wir haben erkannt, dass das Hauptproblem nicht Armut oder Arbeitslosigkeit ist. Die Wurzel des Problems ist ein Mangel an Bildung. Der ehemalige Pr\u00e4sident Nelson Mandela sagte: \u201eBildung ist die m\u00e4chtigste Waffe, die man einsetzen kann, um die Welt zu ver\u00e4ndern.\u201c Wir sind \u00fcberzeugt, dass Lesen die Grundlage jeder Bildung ist und daher von gr\u00f6\u00dfter Wichtigkeit. Der ehemalige US-Pr\u00e4sident Barack Obama dr\u00fcckte es so aus: \u201eLesen ist f\u00fcr Kinder das Tor, das alles andere Lernen erm\u00f6glicht.\u201c<\/p>\t\t\t\t\t\t\t\t<\/div>\n\t\t\t\t<div class=\"elementor-element elementor-element-bd32354 elementor-widget__width-initial elementor-widget elementor-widget-image\" data-id=\"bd32354\" data-element_type=\"widget\" data-widget_type=\"image.default\">\n\t\t\t\t\t\t\t\t\t\t\t\t\t\t\t<img decoding=\"async\" src=\"https:\/\/hoperecovered.org.za\/wp-content\/uploads\/2025\/10\/202410-Library-10_Watermarked.jpg\"  title=\"\"   alt=\"202410-Library-10_Watermarked The Library\"  loading=\"lazy\" \/>\t\t\t\t\t\t\t\t\t\t\t\t\t\t\t<\/div>\n\t\t\t\t<\/div>\n\t\t<div class=\"elementor-element elementor-element-85a5f8c e-con-full e-flex e-con e-child\" data-id=\"85a5f8c\" data-element_type=\"container\">\n\t\t\t\t<div class=\"elementor-element elementor-element-3275489 elementor-widget__width-initial elementor-widget elementor-widget-image\" data-id=\"3275489\" data-element_type=\"widget\" data-widget_type=\"image.default\">\n\t\t\t\t\t\t\t\t\t\t\t\t\t\t\t<img  title=\"\" decoding=\"async\" width=\"640\" height=\"480\" src=\"https:\/\/hoperecovered.org.za\/wp-content\/uploads\/2025\/10\/IMG_6760_Watermarked.webp\" class=\"attachment-bdpp-medium size-bdpp-medium wp-image-2640\"  alt=\"IMG_6760_Watermarked The Library\"  srcset=\"https:\/\/hoperecovered.org.za\/wp-content\/uploads\/2025\/10\/IMG_6760_Watermarked.webp 640w, https:\/\/hoperecovered.org.za\/wp-content\/uploads\/2025\/10\/IMG_6760_Watermarked-300x225.webp 300w, https:\/\/hoperecovered.org.za\/wp-content\/uploads\/2025\/10\/IMG_6760_Watermarked-16x12.webp 16w\" sizes=\"(max-width: 640px) 100vw, 640px\" \/>\t\t\t\t\t\t\t\t\t\t\t\t\t\t\t<\/div>\n\t\t\t\t<div class=\"elementor-element elementor-element-794253b elementor-widget__width-initial elementor-widget elementor-widget-text-editor\" data-id=\"794253b\" data-element_type=\"widget\" data-widget_type=\"text-editor.default\">\n\t\t\t\t\t\t\t\t\t<p>Niemand schuldet mir ein Lebensmittelpaket! Ich muss nicht darum k\u00e4mpfen. Alles, was ich brauche, kommt von Gott. Mit der richtigen Ausbildung sollte jeder in der Lage sein, einen Lebenslauf zu schreiben, von T\u00fcr zu T\u00fcr zu gehen und einen Job zu finden.<\/p><p>Gontse bot an, eine Fortbildung unseres Leseklub  anzubieten, um Eltern, Erzieherinnen und Erziehern zu zeigen, wie sie ihren Kindern auf spielerische Weise die Grundlagen des Lesens vermitteln k\u00f6nnen. Doch niemand kam. Sie waren nur an Essen interessiert.<\/p>\t\t\t\t\t\t\t\t<\/div>\n\t\t\t\t<div class=\"elementor-element elementor-element-1060140 elementor-widget__width-initial elementor-widget elementor-widget-text-editor\" data-id=\"1060140\" data-element_type=\"widget\" data-widget_type=\"text-editor.default\">\n\t\t\t\t\t\t\t\t\t<blockquote><p><em>\"Lesen ist f\u00fcr Kinder das Tor, das alles andere Lernen erm\u00f6glicht.\"<\/em><\/p><\/blockquote><p><strong>Barak Obama<\/strong><\/p>\t\t\t\t\t\t\t\t<\/div>\n\t\t\t\t<\/div>\n\t\t<div class=\"elementor-element elementor-element-65a646f e-con-full e-flex e-con e-child\" data-id=\"65a646f\" data-element_type=\"container\">\n\t\t\t\t<div class=\"elementor-element elementor-element-f2967bf elementor-widget__width-initial elementor-widget elementor-widget-text-editor\" data-id=\"f2967bf\" data-element_type=\"widget\" data-widget_type=\"text-editor.default\">\n\t\t\t\t\t\t\t\t\t<blockquote><p><em>\u201eAlphabetisierung ist eine Br\u00fccke vom Elend zur Hoffnung.\u201c<\/em><\/p><\/blockquote><p><strong>Kofi Annan<\/strong><\/p>\t\t\t\t\t\t\t\t<\/div>\n\t\t\t\t<div class=\"elementor-element elementor-element-097475b elementor-widget__width-initial elementor-widget elementor-widget-text-editor\" data-id=\"097475b\" data-element_type=\"widget\" data-widget_type=\"text-editor.default\">\n\t\t\t\t\t\t\t\t\t<p>Kofi Annan formulierte es so: \u201eAlphabetisierung ist eine Br\u00fccke vom Elend zur Hoffnung.\u201c Wir von HOPE Recovered m\u00f6chten diese Br\u00fccke bauen und Menschen Hoffnung schenken. Morgan Freeman nannte Alphabetisierung die Leiter aus der Armut. <br \/>Deshalb hat HOPE Recovered beschlossen, eine Bibliothek zu er\u00f6ffnen, um den Kindern das Lesen beizubringen. Dar\u00fcber hinaus m\u00f6chten wir, dass die Kinder eine Beziehung zu Jesus aufbauen. Daf\u00fcr m\u00fcssen sie ihn pers\u00f6nlich kennenlernen. Wir glauben, dass dies nur m\u00f6glich ist, wenn sie selbst die Bibel lesen und Gottes Stimme darin h\u00f6ren k\u00f6nnen. Mit Gott ist alles m\u00f6glich, und ihre Hoffnungen und Tr\u00e4ume k\u00f6nnen Wirklichkeit werden.<\/p>\t\t\t\t\t\t\t\t<\/div>\n\t\t\t\t<div class=\"elementor-element elementor-element-62e0cb6 elementor-widget__width-initial elementor-widget elementor-widget-image\" data-id=\"62e0cb6\" data-element_type=\"widget\" data-widget_type=\"image.default\">\n\t\t\t\t\t\t\t\t\t\t\t\t\t\t\t<img decoding=\"async\" src=\"https:\/\/hoperecovered.org.za\/wp-content\/uploads\/2025\/10\/IMG_1836_Watermarked.jpg\"  title=\"\"   alt=\"IMG_1836_Watermarked The Library\"  loading=\"lazy\" \/>\t\t\t\t\t\t\t\t\t\t\t\t\t\t\t<\/div>\n\t\t\t\t<\/div>\n\t\t<div class=\"elementor-element elementor-element-8ebf5bc e-con-full e-flex e-con e-child\" data-id=\"8ebf5bc\" data-element_type=\"container\">\n\t\t\t\t<div class=\"elementor-element elementor-element-2aab055 elementor-widget__width-initial elementor-widget elementor-widget-image\" data-id=\"2aab055\" data-element_type=\"widget\" data-widget_type=\"image.default\">\n\t\t\t\t\t\t\t\t\t\t\t\t\t\t\t<img decoding=\"async\" src=\"https:\/\/hoperecovered.org.za\/wp-content\/uploads\/2025\/10\/IMG_5803_Watermarked.jpg\"  title=\"\"   alt=\"IMG_5803_Watermarked The Library\"  loading=\"lazy\" \/>\t\t\t\t\t\t\t\t\t\t\t\t\t\t\t<\/div>\n\t\t\t\t<div class=\"elementor-element elementor-element-ae3d4dd elementor-widget__width-initial elementor-widget elementor-widget-text-editor\" data-id=\"ae3d4dd\" data-element_type=\"widget\" data-widget_type=\"text-editor.default\">\n\t\t\t\t\t\t\t\t\t<p>Da wir feststellten, dass mehrere H\u00fctten auf dem Kirchengel\u00e4nde ungenutzt waren, wandten wir uns an den Pastor. Wir sind MLC Ministries sehr dankbar f\u00fcr ihre Gastfreundschaft und Unterst\u00fctzung. Sie stellten uns kostenlos eine 36 Quadratmeter gro\u00dfe H\u00fctte zur Verf\u00fcgung, um die Bibliothek einzurichten. Am Tag des Kulturerbes im September 2020 er\u00f6ffnete HOPE Recovered die Kinderbibliothek in Lethabong. Wir sind dankbar f\u00fcr alle B\u00fccher, Regale und M\u00f6bel, die wir f\u00fcr dieses Projekt erhalten haben. <br \/>Wir sind sehr stolz auf die Jugendlichen aus der Region, die sich engagieren und den Kleinen beim Lesen helfen.<\/p>\t\t\t\t\t\t\t\t<\/div>\n\t\t\t\t<div class=\"elementor-element elementor-element-7351ecf elementor-widget__width-initial elementor-widget elementor-widget-image\" data-id=\"7351ecf\" data-element_type=\"widget\" data-widget_type=\"image.default\">\n\t\t\t\t\t\t\t\t\t\t\t\t\t\t\t<img  title=\"\" loading=\"lazy\" decoding=\"async\" width=\"480\" height=\"480\" src=\"https:\/\/hoperecovered.org.za\/wp-content\/uploads\/2025\/10\/IMG_2150_Watermarked-480x480.webp\" class=\"attachment-bdpp-medium size-bdpp-medium wp-image-2651\"  alt=\"IMG_2150_Watermarked-480x480 The Library\"  srcset=\"https:\/\/hoperecovered.org.za\/wp-content\/uploads\/2025\/10\/IMG_2150_Watermarked-480x480.webp 480w, https:\/\/hoperecovered.org.za\/wp-content\/uploads\/2025\/10\/IMG_2150_Watermarked-150x150.webp 150w\" sizes=\"(max-width: 480px) 100vw, 480px\" \/>\t\t\t\t\t\t\t\t\t\t\t\t\t\t\t<\/div>\n\t\t\t\t<\/div>\n\t\t<div class=\"elementor-element elementor-element-7e72a36 e-con-full e-flex e-con e-child\" data-id=\"7e72a36\" data-element_type=\"container\">\n\t\t\t\t<div class=\"elementor-element elementor-element-5292507 elementor-widget__width-initial elementor-widget elementor-widget-image\" data-id=\"5292507\" data-element_type=\"widget\" data-widget_type=\"image.default\">\n\t\t\t\t\t\t\t\t\t\t\t\t\t\t\t<img decoding=\"async\" src=\"https:\/\/hoperecovered.org.za\/wp-content\/uploads\/2025\/10\/202410-Library-35_Watermarked.jpg\"  title=\"\"   alt=\"202410-Library-35_Watermarked The Library\"  loading=\"lazy\" \/>\t\t\t\t\t\t\t\t\t\t\t\t\t\t\t<\/div>\n\t\t\t\t<div class=\"elementor-element elementor-element-3e62b22 elementor-widget__width-initial elementor-widget elementor-widget-text-editor\" data-id=\"3e62b22\" data-element_type=\"widget\" data-widget_type=\"text-editor.default\">\n\t\t\t\t\t\t\t\t\t<p>Zwei Jahre sp\u00e4ter konnten wir die Bibliothek erweitern und ihre Gr\u00f6\u00dfe verdoppeln. Heute sind 40 Kinder f\u00fcr das Englisch-Lese-Programm in der HOPE Recovered Bibliothek angemeldet. 2023 verlegten wir die Jugendarbeit in die Bibliothek, wo wir uns jeden Samstagnachmittag zum Bibelstudium und Gebet treffen. 2024 f\u00fchrten wir Tablets f\u00fcr das selbstst\u00e4ndige Lernen der Kinder ein. Und 2025 f\u00fchrten wir LEGO-Robotik ein, um die lesestarken Kinder weiter herauszufordern.<\/p>\t\t\t\t\t\t\t\t<\/div>\n\t\t\t\t<div class=\"elementor-element elementor-element-057cb8d elementor-widget__width-initial elementor-widget elementor-widget-image\" data-id=\"057cb8d\" data-element_type=\"widget\" data-widget_type=\"image.default\">\n\t\t\t\t\t\t\t\t\t\t\t\t\t\t\t<img  title=\"\" loading=\"lazy\" decoding=\"async\" width=\"640\" height=\"480\" src=\"https:\/\/hoperecovered.org.za\/wp-content\/uploads\/2025\/10\/IMG_4474_Watermarked-640x480.webp\" class=\"attachment-bdpp-medium size-bdpp-medium wp-image-2548\"  alt=\"IMG_4474_Watermarked-640x480 The Library\"  srcset=\"https:\/\/hoperecovered.org.za\/wp-content\/uploads\/2025\/10\/IMG_4474_Watermarked-640x480.webp 640w, https:\/\/hoperecovered.org.za\/wp-content\/uploads\/2025\/10\/IMG_4474_Watermarked-300x225.webp 300w, https:\/\/hoperecovered.org.za\/wp-content\/uploads\/2025\/10\/IMG_4474_Watermarked-1024x768.webp 1024w, https:\/\/hoperecovered.org.za\/wp-content\/uploads\/2025\/10\/IMG_4474_Watermarked-768x576.webp 768w, https:\/\/hoperecovered.org.za\/wp-content\/uploads\/2025\/10\/IMG_4474_Watermarked-1536x1152.webp 1536w, https:\/\/hoperecovered.org.za\/wp-content\/uploads\/2025\/10\/IMG_4474_Watermarked-16x12.webp 16w, https:\/\/hoperecovered.org.za\/wp-content\/uploads\/2025\/10\/IMG_4474_Watermarked.webp 2016w\" sizes=\"(max-width: 640px) 100vw, 640px\" \/>\t\t\t\t\t\t\t\t\t\t\t\t\t\t\t<\/div>\n\t\t\t\t<\/div>\n\t\t\t\t<\/div>\n\t\t\t\t\t<\/div>\n\t\t\t\t<\/div>\n\t\t<div class=\"elementor-element elementor-element-4dbe5d1 e-flex e-con-boxed e-con e-parent\" data-id=\"4dbe5d1\" data-element_type=\"container\">\n\t\t\t\t\t<div class=\"e-con-inner\">\n\t\t\t\t<div class=\"elementor-element elementor-element-e5211b1 elementor-widget elementor-widget-heading\" data-id=\"e5211b1\" data-element_type=\"widget\" data-widget_type=\"heading.default\">\n\t\t\t\t\t<h2 class=\"elementor-heading-title elementor-size-default\">Herausforderungen der Bibliothek<\/h2>\t\t\t\t<\/div>\n\t\t\t\t<div class=\"elementor-element elementor-element-82ce0b2 elementor-widget elementor-widget-text-editor\" data-id=\"82ce0b2\" data-element_type=\"widget\" data-widget_type=\"text-editor.default\">\n\t\t\t\t\t\t\t\t\t<h4>Beschr\u00e4nkte R\u00e4umlichkeiten<\/h4><p>Die begrenzten R\u00e4umlichkeiten der Bibliothek schr\u00e4nken die Teilnehmerzahl unserer Programme, insbesondere des Englisch-Lese-Programms, ein. Um jedem Kind die n\u00f6tige Aufmerksamkeit widmen und den Ger\u00e4uschpegel in einem akzeptablen Rahmen halten zu k\u00f6nnen, haben wir uns entschieden, maximal 40 Kinder anzumelden. Gleichzeitig haben wir eine Warteliste mit etwa 80 Kindern, die ebenfalls gerne teilnehmen m\u00f6chten.\u00a0<\/p><h4>Elektrizit\u00e4t<\/h4><p>Seit 2025 hat die Bibliothek keinen Stromanschluss mehr. Um den Betrieb aufrechtzuerhalten, bringen wir t\u00e4glich einen batteriebetriebenen Wechselrichter mit, um unsere Lampen, Ventilatoren und Ger\u00e4te zu betreiben.<\/p><h4>Wasser<\/h4><p>In unserem Viertel wird das Wasser per LKW geliefert, aber die Lieferungen sind nicht sehr zuverl\u00e4ssig. Damit die Bibliothek sauber bleibt und die Kinder Wasser zum Trinken und H\u00e4ndewaschen haben, bringen wir jede Woche Wasser von unserem B\u00fcro mit. Das hilft uns, die Bibliothek sauber und sicher zu halten.<\/p>\t\t\t\t\t\t\t\t<\/div>\n\t\t\t\t\t<\/div>\n\t\t\t\t<\/div>\n\t\t\t\t<\/div>","protected":false},"excerpt":{"rendered":"<p>The HOPE Recovered Library in Lethabong The HOPE Recovered Library in the heart of Lethabong is the footprint of the [&hellip;]<\/p>\n","protected":false},"author":3,"featured_media":0,"parent":0,"menu_order":0,"comment_status":"closed","ping_status":"closed","template":"","meta":{"site-sidebar-layout":"default","site-content-layout":"","ast-site-content-layout":"default","site-content-style":"default","site-sidebar-style":"default","ast-global-header-display":"","ast-banner-title-visibility":"","ast-main-header-display":"","ast-hfb-above-header-display":"","ast-hfb-below-header-display":"","ast-hfb-mobile-header-display":"","site-post-title":"disabled","ast-breadcrumbs-content":"","ast-featured-img":"","footer-sml-layout":"","theme-transparent-header-meta":"","adv-header-id-meta":"","stick-header-meta":"","header-above-stick-meta":"","header-main-stick-meta":"","header-below-stick-meta":"","astra-migrate-meta-layouts":"default","ast-page-background-enabled":"default","ast-page-background-meta":{"desktop":{"background-color":"var(--ast-global-color-5)","background-image":"","background-repeat":"repeat","background-position":"center center","background-size":"auto","background-attachment":"scroll","background-type":"","background-media":"","overlay-type":"","overlay-color":"","overlay-opacity":"","overlay-gradient":""},"tablet":{"background-color":"","background-image":"","background-repeat":"repeat","background-position":"center center","background-size":"auto","background-attachment":"scroll","background-type":"","background-media":"","overlay-type":"","overlay-color":"","overlay-opacity":"","overlay-gradient":""},"mobile":{"background-color":"","background-image":"","background-repeat":"repeat","background-position":"center center","background-size":"auto","background-attachment":"scroll","background-type":"","background-media":"","overlay-type":"","overlay-color":"","overlay-opacity":"","overlay-gradient":""}},"ast-content-background-meta":{"desktop":{"background-color":"var(--ast-global-color-4)","background-image":"","background-repeat":"repeat","background-position":"center center","background-size":"auto","background-attachment":"scroll","background-type":"","background-media":"","overlay-type":"","overlay-color":"","overlay-opacity":"","overlay-gradient":""},"tablet":{"background-color":"var(--ast-global-color-4)","background-image":"","background-repeat":"repeat","background-position":"center center","background-size":"auto","background-attachment":"scroll","background-type":"","background-media":"","overlay-type":"","overlay-color":"","overlay-opacity":"","overlay-gradient":""},"mobile":{"background-color":"var(--ast-global-color-4)","background-image":"","background-repeat":"repeat","background-position":"center center","background-size":"auto","background-attachment":"scroll","background-type":"","background-media":"","overlay-type":"","overlay-color":"","overlay-opacity":"","overlay-gradient":""}},"footnotes":""},"class_list":["post-2330","page","type-page","status-publish","hentry"],"_links":{"self":[{"href":"https:\/\/hoperecovered.org.za\/de\/wp-json\/wp\/v2\/pages\/2330","targetHints":{"allow":["GET"]}}],"collection":[{"href":"https:\/\/hoperecovered.org.za\/de\/wp-json\/wp\/v2\/pages"}],"about":[{"href":"https:\/\/hoperecovered.org.za\/de\/wp-json\/wp\/v2\/types\/page"}],"author":[{"embeddable":true,"href":"https:\/\/hoperecovered.org.za\/de\/wp-json\/wp\/v2\/users\/3"}],"replies":[{"embeddable":true,"href":"https:\/\/hoperecovered.org.za\/de\/wp-json\/wp\/v2\/comments?post=2330"}],"version-history":[{"count":32,"href":"https:\/\/hoperecovered.org.za\/de\/wp-json\/wp\/v2\/pages\/2330\/revisions"}],"predecessor-version":[{"id":3022,"href":"https:\/\/hoperecovered.org.za\/de\/wp-json\/wp\/v2\/pages\/2330\/revisions\/3022"}],"wp:attachment":[{"href":"https:\/\/hoperecovered.org.za\/de\/wp-json\/wp\/v2\/media?parent=2330"}],"curies":[{"name":"wp","href":"https:\/\/api.w.org\/{rel}","templated":true}]}}